{"id":545,"date":"2023-02-02T00:54:22","date_gmt":"2023-02-02T00:54:22","guid":{"rendered":"https:\/\/emporiumgestin.com\/?page_id=545"},"modified":"2023-02-03T02:10:48","modified_gmt":"2023-02-03T02:10:48","slug":"ph-torres-de-montserrat","status":"publish","type":"page","link":"https:\/\/emporiumgestin.com\/index.php\/ph-torres-de-montserrat\/","title":{"rendered":"PH TORRES DE MONTSERRAT"},"content":{"rendered":"\t\t<div data-elementor-type=\"wp-page\" data-elementor-id=\"545\" class=\"elementor elementor-545\">\n\t\t\t\t\t\t<section class=\"elementor-section elementor-top-section elementor-element elementor-element-7465c395 elementor-section-content-middle elementor-section-full_width elementor-section-height-default elementor-section-height-default\" data-id=\"7465c395\" data-element_type=\"section\" data-settings=\"{&quot;background_background&quot;:&quot;classic&quot;}\">\n\t\t\t\t\t\t<div class=\"elementor-container elementor-column-gap-no\">\n\t\t\t\t\t<div class=\"elementor-column elementor-col-50 elementor-top-column elementor-element elementor-element-7699c217\" data-id=\"7699c217\" data-element_type=\"column\">\n\t\t\t<div class=\"elementor-widget-wrap elementor-element-populated\">\n\t\t\t\t\t\t<div class=\"elementor-element elementor-element-5cd7f5b6 elementor-widget elementor-widget-image\" data-id=\"5cd7f5b6\" data-element_type=\"widget\" data-widget_type=\"image.default\">\n\t\t\t\t<div class=\"elementor-widget-container\">\n\t\t\t<style>\/*! elementor - v3.23.0 - 05-08-2024 *\/\n.elementor-widget-image{text-align:center}.elementor-widget-image a{display:inline-block}.elementor-widget-image a img[src$=\".svg\"]{width:48px}.elementor-widget-image img{vertical-align:middle;display:inline-block}<\/style>\t\t\t\t\t\t\t\t\t\t<img fetchpriority=\"high\" decoding=\"async\" width=\"1024\" height=\"661\" src=\"https:\/\/emporiumgestin.com\/wp-content\/uploads\/2022\/11\/LOGO-TM-1024x661.png\" class=\"elementor-animation-bounce-in attachment-large size-large wp-image-28\" alt=\"\" srcset=\"https:\/\/emporiumgestin.com\/wp-content\/uploads\/2022\/11\/LOGO-TM-1024x661.png 1024w, https:\/\/emporiumgestin.com\/wp-content\/uploads\/2022\/11\/LOGO-TM-300x194.png 300w, https:\/\/emporiumgestin.com\/wp-content\/uploads\/2022\/11\/LOGO-TM-768x496.png 768w, https:\/\/emporiumgestin.com\/wp-content\/uploads\/2022\/11\/LOGO-TM.png 1122w\" sizes=\"(max-width: 1024px) 100vw, 1024px\" \/>\t\t\t\t\t\t\t\t\t\t\t\t\t<\/div>\n\t\t\t\t<\/div>\n\t\t\t\t<div class=\"elementor-element elementor-element-75db5f5 elementor-widget elementor-widget-heading\" data-id=\"75db5f5\" data-element_type=\"widget\" data-widget_type=\"heading.default\">\n\t\t\t\t<div class=\"elementor-widget-container\">\n\t\t\t<style>\/*! elementor - v3.23.0 - 05-08-2024 *\/\n.elementor-heading-title{padding:0;margin:0;line-height:1}.elementor-widget-heading .elementor-heading-title[class*=elementor-size-]>a{color:inherit;font-size:inherit;line-height:inherit}.elementor-widget-heading .elementor-heading-title.elementor-size-small{font-size:15px}.elementor-widget-heading .elementor-heading-title.elementor-size-medium{font-size:19px}.elementor-widget-heading .elementor-heading-title.elementor-size-large{font-size:29px}.elementor-widget-heading .elementor-heading-title.elementor-size-xl{font-size:39px}.elementor-widget-heading .elementor-heading-title.elementor-size-xxl{font-size:59px}<\/style><h1 class=\"elementor-heading-title elementor-size-default\">M\u00e1s de 1,500 m2 \nde complejo cerrado \ncon garita de seguridad \namplia \u00e1rea social.<\/h1>\t\t<\/div>\n\t\t\t\t<\/div>\n\t\t\t\t<div class=\"elementor-element elementor-element-731c6b46 elementor-widget elementor-widget-text-editor\" data-id=\"731c6b46\" data-element_type=\"widget\" data-widget_type=\"text-editor.default\">\n\t\t\t\t<div class=\"elementor-widget-container\">\n\t\t\t<style>\/*! elementor - v3.23.0 - 05-08-2024 *\/\n.elementor-widget-text-editor.elementor-drop-cap-view-stacked .elementor-drop-cap{background-color:#69727d;color:#fff}.elementor-widget-text-editor.elementor-drop-cap-view-framed .elementor-drop-cap{color:#69727d;border:3px solid;background-color:transparent}.elementor-widget-text-editor:not(.elementor-drop-cap-view-default) .elementor-drop-cap{margin-top:8px}.elementor-widget-text-editor:not(.elementor-drop-cap-view-default) .elementor-drop-cap-letter{width:1em;height:1em}.elementor-widget-text-editor .elementor-drop-cap{float:left;text-align:center;line-height:1;font-size:50px}.elementor-widget-text-editor .elementor-drop-cap-letter{display:inline-block}<\/style>\t\t\t\t<p>APARTAMENTOS de 1, 2 y 3 REC\/<\/p><p>ENTREGA INMEDIATA\/PREVENTA INGRESO FAMILIAR DESDE $1.500\u200b<\/p>\t\t\t\t\t\t<\/div>\n\t\t\t\t<\/div>\n\t\t\t\t\t<\/div>\n\t\t<\/div>\n\t\t\t\t<div class=\"elementor-column elementor-col-50 elementor-top-column elementor-element elementor-element-19354f3a\" data-id=\"19354f3a\" data-element_type=\"column\">\n\t\t\t<div class=\"elementor-widget-wrap elementor-element-populated\">\n\t\t\t\t\t\t<div class=\"elementor-element elementor-element-53f4ac30 elementor-widget elementor-widget-image\" data-id=\"53f4ac30\" data-element_type=\"widget\" data-widget_type=\"image.default\">\n\t\t\t\t<div class=\"elementor-widget-container\">\n\t\t\t\t\t\t\t\t\t\t\t\t\t<img decoding=\"async\" width=\"678\" height=\"510\" src=\"https:\/\/emporiumgestin.com\/wp-content\/uploads\/2022\/11\/IMAGEN-1.jpg\" class=\"elementor-animation-grow attachment-large size-large wp-image-308\" alt=\"\" srcset=\"https:\/\/emporiumgestin.com\/wp-content\/uploads\/2022\/11\/IMAGEN-1.jpg 678w, https:\/\/emporiumgestin.com\/wp-content\/uploads\/2022\/11\/IMAGEN-1-300x226.jpg 300w\" sizes=\"(max-width: 678px) 100vw, 678px\" \/>\t\t\t\t\t\t\t\t\t\t\t\t\t<\/div>\n\t\t\t\t<\/div>\n\t\t\t\t<div class=\"elementor-element elementor-element-67532732 elementor-widget elementor-widget-spacer\" data-id=\"67532732\" data-element_type=\"widget\" data-widget_type=\"spacer.default\">\n\t\t\t\t<div class=\"elementor-widget-container\">\n\t\t\t<style>\/*! elementor - v3.23.0 - 05-08-2024 *\/\n.elementor-column .elementor-spacer-inner{height:var(--spacer-size)}.e-con{--container-widget-width:100%}.e-con-inner>.elementor-widget-spacer,.e-con>.elementor-widget-spacer{width:var(--container-widget-width,var(--spacer-size));--align-self:var(--container-widget-align-self,initial);--flex-shrink:0}.e-con-inner>.elementor-widget-spacer>.elementor-widget-container,.e-con>.elementor-widget-spacer>.elementor-widget-container{height:100%;width:100%}.e-con-inner>.elementor-widget-spacer>.elementor-widget-container>.elementor-spacer,.e-con>.elementor-widget-spacer>.elementor-widget-container>.elementor-spacer{height:100%}.e-con-inner>.elementor-widget-spacer>.elementor-widget-container>.elementor-spacer>.elementor-spacer-inner,.e-con>.elementor-widget-spacer>.elementor-widget-container>.elementor-spacer>.elementor-spacer-inner{height:var(--container-widget-height,var(--spacer-size))}.e-con-inner>.elementor-widget-spacer.elementor-widget-empty,.e-con>.elementor-widget-spacer.elementor-widget-empty{position:relative;min-height:22px;min-width:22px}.e-con-inner>.elementor-widget-spacer.elementor-widget-empty .elementor-widget-empty-icon,.e-con>.elementor-widget-spacer.elementor-widget-empty .elementor-widget-empty-icon{position:absolute;top:0;bottom:0;left:0;right:0;margin:auto;padding:0;width:22px;height:22px}<\/style>\t\t<div class=\"elementor-spacer\">\n\t\t\t<div class=\"elementor-spacer-inner\"><\/div>\n\t\t<\/div>\n\t\t\t\t<\/div>\n\t\t\t\t<\/div>\n\t\t\t\t\t<\/div>\n\t\t<\/div>\n\t\t\t\t\t<\/div>\n\t\t<\/section>\n\t\t\t\t<section class=\"elementor-section elementor-top-section elementor-element elementor-element-175bb55e elementor-section-content-middle elementor-section-full_width elementor-section-height-default elementor-section-height-default\" data-id=\"175bb55e\" data-element_type=\"section\" data-settings=\"{&quot;background_background&quot;:&quot;classic&quot;}\">\n\t\t\t\t\t\t<div class=\"elementor-container elementor-column-gap-no\">\n\t\t\t\t\t<div class=\"elementor-column elementor-col-50 elementor-top-column elementor-element elementor-element-6b2a830d\" data-id=\"6b2a830d\" data-element_type=\"column\">\n\t\t\t<div class=\"elementor-widget-wrap elementor-element-populated\">\n\t\t\t\t\t\t<div class=\"elementor-element elementor-element-16270c8c elementor-widget elementor-widget-heading\" data-id=\"16270c8c\" data-element_type=\"widget\" data-widget_type=\"heading.default\">\n\t\t\t\t<div class=\"elementor-widget-container\">\n\t\t\t<h2 class=\"elementor-heading-title elementor-size-default\">UBICACI\u00d3N PROYECTO<\/h2>\t\t<\/div>\n\t\t\t\t<\/div>\n\t\t\t\t<div class=\"elementor-element elementor-element-69b47fd5 elementor-widget elementor-widget-text-editor\" data-id=\"69b47fd5\" data-element_type=\"widget\" data-widget_type=\"text-editor.default\">\n\t\t\t\t<div class=\"elementor-widget-container\">\n\t\t\t\t\t\t\t<p>PH Torres de Montserrat\u00a0cuenta con una excelente\u00a0ubicaci\u00f3n en el\u00a0Corregimiento de Pueblo\u00a0nuevo, con acceso por la 12\u00a0de octubre, V\u00eda Espa\u00f1a, Trans\u00edstmica, ubicado\u00a0diagonal al Instituto Comercial \u00a0Panam\u00e1, Cuenta con 3\u00a0Torres, de 21 pisos cada una\u00a0con 7 aptos por planta de 50\u00a0a 77m2.<\/p><p>\u00a0<\/p><p>Adem\u00e1s tiene facilidad de accesos a supermercados, restaurantes, centro de salud, farmacias, escuelas, gimnasios, etc.<\/p>\t\t\t\t\t\t<\/div>\n\t\t\t\t<\/div>\n\t\t\t\t\t<\/div>\n\t\t<\/div>\n\t\t\t\t<div class=\"elementor-column elementor-col-50 elementor-top-column elementor-element elementor-element-54f1b274\" data-id=\"54f1b274\" data-element_type=\"column\">\n\t\t\t<div class=\"elementor-widget-wrap elementor-element-populated\">\n\t\t\t\t\t\t<div class=\"elementor-element elementor-element-3c2c0495 elementor-widget elementor-widget-image\" data-id=\"3c2c0495\" data-element_type=\"widget\" data-widget_type=\"image.default\">\n\t\t\t\t<div class=\"elementor-widget-container\">\n\t\t\t\t\t\t\t\t\t\t\t\t\t<img decoding=\"async\" width=\"1024\" height=\"768\" src=\"https:\/\/emporiumgestin.com\/wp-content\/uploads\/2023\/02\/68806022-1024x768.jpeg\" class=\"attachment-large size-large wp-image-549\" alt=\"\" srcset=\"https:\/\/emporiumgestin.com\/wp-content\/uploads\/2023\/02\/68806022-1024x768.jpeg 1024w, https:\/\/emporiumgestin.com\/wp-content\/uploads\/2023\/02\/68806022-300x225.jpeg 300w, https:\/\/emporiumgestin.com\/wp-content\/uploads\/2023\/02\/68806022-768x576.jpeg 768w, https:\/\/emporiumgestin.com\/wp-content\/uploads\/2023\/02\/68806022.jpeg 1200w\" sizes=\"(max-width: 1024px) 100vw, 1024px\" \/>\t\t\t\t\t\t\t\t\t\t\t\t\t<\/div>\n\t\t\t\t<\/div>\n\t\t\t\t\t<\/div>\n\t\t<\/div>\n\t\t\t\t\t<\/div>\n\t\t<\/section>\n\t\t\t\t<section class=\"elementor-section elementor-top-section elementor-element elementor-element-29deae16 elementor-section-content-middle elementor-section-full_width elementor-reverse-mobile elementor-section-height-default elementor-section-height-default\" data-id=\"29deae16\" data-element_type=\"section\" data-settings=\"{&quot;background_background&quot;:&quot;classic&quot;}\">\n\t\t\t\t\t\t<div class=\"elementor-container elementor-column-gap-no\">\n\t\t\t\t\t<div class=\"elementor-column elementor-col-50 elementor-top-column elementor-element elementor-element-376ce994\" data-id=\"376ce994\" data-element_type=\"column\">\n\t\t\t<div class=\"elementor-widget-wrap elementor-element-populated\">\n\t\t\t\t\t\t<div class=\"elementor-element elementor-element-449fba2a elementor-widget elementor-widget-image\" data-id=\"449fba2a\" data-element_type=\"widget\" data-widget_type=\"image.default\">\n\t\t\t\t<div class=\"elementor-widget-container\">\n\t\t\t\t\t\t\t\t\t\t\t\t\t<img loading=\"lazy\" decoding=\"async\" width=\"953\" height=\"540\" src=\"https:\/\/emporiumgestin.com\/wp-content\/uploads\/2023\/02\/FOTO-REAL.jpg\" class=\"attachment-large size-large wp-image-550\" alt=\"\" srcset=\"https:\/\/emporiumgestin.com\/wp-content\/uploads\/2023\/02\/FOTO-REAL.jpg 953w, https:\/\/emporiumgestin.com\/wp-content\/uploads\/2023\/02\/FOTO-REAL-300x170.jpg 300w, https:\/\/emporiumgestin.com\/wp-content\/uploads\/2023\/02\/FOTO-REAL-768x435.jpg 768w\" sizes=\"(max-width: 953px) 100vw, 953px\" \/>\t\t\t\t\t\t\t\t\t\t\t\t\t<\/div>\n\t\t\t\t<\/div>\n\t\t\t\t\t<\/div>\n\t\t<\/div>\n\t\t\t\t<div class=\"elementor-column elementor-col-50 elementor-top-column elementor-element elementor-element-7fb0f08a\" data-id=\"7fb0f08a\" data-element_type=\"column\">\n\t\t\t<div class=\"elementor-widget-wrap elementor-element-populated\">\n\t\t\t\t\t\t<div class=\"elementor-element elementor-element-21b18fe0 elementor-widget elementor-widget-heading\" data-id=\"21b18fe0\" data-element_type=\"widget\" data-widget_type=\"heading.default\">\n\t\t\t\t<div class=\"elementor-widget-container\">\n\t\t\t<h2 class=\"elementor-heading-title elementor-size-default\">CONSTRUCCI\u00d3N<\/h2>\t\t<\/div>\n\t\t\t\t<\/div>\n\t\t\t\t<div class=\"elementor-element elementor-element-28f20c8e elementor-widget elementor-widget-text-editor\" data-id=\"28f20c8e\" data-element_type=\"widget\" data-widget_type=\"text-editor.default\">\n\t\t\t\t<div class=\"elementor-widget-container\">\n\t\t\t\t\t\t\t<p><br \/>Los apartamentos de este proyecto fueron dise\u00f1ados para las personas que le gustan los espacios confortables y muy bien iluminados. Con vistas hacia la Trans\u00edstmica y otros hacia la ciudad.<br \/><br \/>Es importante resaltar que el proyecto le brinda la seguridad de que ya inicio la construcci\u00f3n del mismo y puede adquirirlo a trav\u00e9s de nuestros planes de financiamiento y con facilidades de pago.<\/p>\t\t\t\t\t\t<\/div>\n\t\t\t\t<\/div>\n\t\t\t\t\t<\/div>\n\t\t<\/div>\n\t\t\t\t\t<\/div>\n\t\t<\/section>\n\t\t\t\t<section class=\"elementor-section elementor-top-section elementor-element elementor-element-6e23cc3e elementor-section-content-middle elementor-section-full_width elementor-section-height-default elementor-section-height-default\" data-id=\"6e23cc3e\" data-element_type=\"section\" data-settings=\"{&quot;background_background&quot;:&quot;classic&quot;}\">\n\t\t\t\t\t\t<div class=\"elementor-container elementor-column-gap-no\">\n\t\t\t\t\t<div class=\"elementor-column elementor-col-50 elementor-top-column elementor-element elementor-element-2c32d4c\" data-id=\"2c32d4c\" data-element_type=\"column\">\n\t\t\t<div class=\"elementor-widget-wrap elementor-element-populated\">\n\t\t\t\t\t\t<div class=\"elementor-element elementor-element-6f1ae971 elementor-widget elementor-widget-heading\" data-id=\"6f1ae971\" data-element_type=\"widget\" data-widget_type=\"heading.default\">\n\t\t\t\t<div class=\"elementor-widget-container\">\n\t\t\t<h2 class=\"elementor-heading-title elementor-size-default\">AMENIDADES Y CALIDAD<\/h2>\t\t<\/div>\n\t\t\t\t<\/div>\n\t\t\t\t<div class=\"elementor-element elementor-element-7296919d elementor-widget elementor-widget-text-editor\" data-id=\"7296919d\" data-element_type=\"widget\" data-widget_type=\"text-editor.default\">\n\t\t\t\t<div class=\"elementor-widget-container\">\n\t\t\t\t\t\t\t<div class=\"et_pb_module et_pb_text et_pb_text_7  et_pb_text_align_center et_pb_bg_layout_light\"><div class=\"et_pb_text_inner\"><p>Cada torre contar\u00e1 con 2 elevadores con capacidad para 15 pasajeros.<\/p><\/div><\/div><div class=\"et_pb_module et_pb_divider et_pb_divider_3 et_pb_divider_position_center et_pb_space\"><div class=\"et_pb_divider_internal\">\u00a0<\/div><\/div><div class=\"et_pb_module et_pb_text et_pb_text_8  et_pb_text_align_center et_pb_bg_layout_light\"><div class=\"et_pb_text_inner\"><p>1 Estacionamiento y \u00e1rea de estacionamientos de visita.<\/p><\/div><\/div><div class=\"et_pb_module et_pb_divider et_pb_divider_4 et_pb_divider_position_center et_pb_space\"><div class=\"et_pb_divider_internal\">\u00a0<\/div><\/div><div class=\"et_pb_module et_pb_text et_pb_text_9  et_pb_text_align_center et_pb_bg_layout_light\"><div class=\"et_pb_text_inner\"><p>\u00c1rea Social con piscina, \u00c1rea de Juego Infantil, Exclusivas \u00e1reas verdes.<\/p><\/div><\/div><div class=\"et_pb_module et_pb_divider et_pb_divider_5 et_pb_divider_position_center et_pb_space\"><div class=\"et_pb_divider_internal\">\u00a0<\/div><\/div><div class=\"et_pb_module et_pb_text et_pb_text_10  et_pb_text_align_center et_pb_bg_layout_light\"><div class=\"et_pb_text_inner\"><p>\u00c1rea de Gimnasio, \u00c1rea de Sal\u00f3n de Eventos y Lobby en cada torre.<\/p><\/div><\/div><div class=\"et_pb_module et_pb_divider et_pb_divider_6 et_pb_divider_position_center et_pb_space\"><div class=\"et_pb_divider_internal\">\u00a0<\/div><\/div><div class=\"et_pb_module et_pb_text et_pb_text_11  et_pb_text_align_center et_pb_bg_layout_light\"><div class=\"et_pb_text_inner\"><p>Tanque de reserva de agua, Planta el\u00e9ctrica.<\/p><\/div><\/div>\t\t\t\t\t\t<\/div>\n\t\t\t\t<\/div>\n\t\t\t\t\t<\/div>\n\t\t<\/div>\n\t\t\t\t<div class=\"elementor-column elementor-col-50 elementor-top-column elementor-element elementor-element-48091c56\" data-id=\"48091c56\" data-element_type=\"column\">\n\t\t\t<div class=\"elementor-widget-wrap elementor-element-populated\">\n\t\t\t\t\t\t<div class=\"elementor-element elementor-element-a435dfe elementor-widget elementor-widget-image\" data-id=\"a435dfe\" data-element_type=\"widget\" data-widget_type=\"image.default\">\n\t\t\t\t<div class=\"elementor-widget-container\">\n\t\t\t\t\t\t\t\t\t\t\t\t\t<img loading=\"lazy\" decoding=\"async\" width=\"1024\" height=\"768\" src=\"https:\/\/emporiumgestin.com\/wp-content\/uploads\/2023\/02\/monserrat6-2-scaled-e1675301055719-1024x768.jpeg\" class=\"attachment-large size-large wp-image-553\" alt=\"\" srcset=\"https:\/\/emporiumgestin.com\/wp-content\/uploads\/2023\/02\/monserrat6-2-scaled-e1675301055719-1024x768.jpeg 1024w, https:\/\/emporiumgestin.com\/wp-content\/uploads\/2023\/02\/monserrat6-2-scaled-e1675301055719-300x225.jpeg 300w, https:\/\/emporiumgestin.com\/wp-content\/uploads\/2023\/02\/monserrat6-2-scaled-e1675301055719-768x576.jpeg 768w, https:\/\/emporiumgestin.com\/wp-content\/uploads\/2023\/02\/monserrat6-2-scaled-e1675301055719.jpeg 1081w\" sizes=\"(max-width: 1024px) 100vw, 1024px\" \/>\t\t\t\t\t\t\t\t\t\t\t\t\t<\/div>\n\t\t\t\t<\/div>\n\t\t\t\t\t<\/div>\n\t\t<\/div>\n\t\t\t\t\t<\/div>\n\t\t<\/section>\n\t\t\t\t<section class=\"elementor-section elementor-top-section elementor-element elementor-element-4e749995 elementor-section-boxed elementor-section-height-default elementor-section-height-default\" data-id=\"4e749995\" data-element_type=\"section\">\n\t\t\t\t\t\t<div class=\"elementor-container elementor-column-gap-default\">\n\t\t\t\t\t<div class=\"elementor-column elementor-col-100 elementor-top-column elementor-element elementor-element-448cd653\" data-id=\"448cd653\" data-element_type=\"column\">\n\t\t\t<div class=\"elementor-widget-wrap elementor-element-populated\">\n\t\t\t\t\t\t<div class=\"elementor-element elementor-element-5662352d elementor-widget elementor-widget-spacer\" data-id=\"5662352d\" data-element_type=\"widget\" data-widget_type=\"spacer.default\">\n\t\t\t\t<div class=\"elementor-widget-container\">\n\t\t\t\t\t<div class=\"elementor-spacer\">\n\t\t\t<div class=\"elementor-spacer-inner\"><\/div>\n\t\t<\/div>\n\t\t\t\t<\/div>\n\t\t\t\t<\/div>\n\t\t\t\t\t<\/div>\n\t\t<\/div>\n\t\t\t\t\t<\/div>\n\t\t<\/section>\n\t\t\t\t<section class=\"elementor-section elementor-top-section elementor-element elementor-element-1f235bc7 elementor-section-full_width elementor-section-height-min-height elementor-section-items-stretch elementor-section-height-default\" data-id=\"1f235bc7\" data-element_type=\"section\">\n\t\t\t\t\t\t<div class=\"elementor-container elementor-column-gap-default\">\n\t\t\t\t\t<div class=\"elementor-column elementor-col-100 elementor-top-column elementor-element elementor-element-7ab26369\" data-id=\"7ab26369\" data-element_type=\"column\">\n\t\t\t<div class=\"elementor-widget-wrap elementor-element-populated\">\n\t\t\t\t\t\t<div class=\"elementor-element elementor-element-16929850 elementor-widget__width-initial elementor-invisible elementor-widget elementor-widget-heading\" data-id=\"16929850\" data-element_type=\"widget\" data-settings=\"{&quot;_animation&quot;:&quot;bounceInLeft&quot;}\" data-widget_type=\"heading.default\">\n\t\t\t\t<div class=\"elementor-widget-container\">\n\t\t\t<h1 class=\"elementor-heading-title elementor-size-medium\">CONOCE M\u00c1S\nSOBRE ESTE\nPROYECTO<\/h1>\t\t<\/div>\n\t\t\t\t<\/div>\n\t\t\t\t<div class=\"elementor-element elementor-element-6e271812 elementor-widget elementor-widget-spacer\" data-id=\"6e271812\" data-element_type=\"widget\" data-widget_type=\"spacer.default\">\n\t\t\t\t<div class=\"elementor-widget-container\">\n\t\t\t\t\t<div class=\"elementor-spacer\">\n\t\t\t<div class=\"elementor-spacer-inner\"><\/div>\n\t\t<\/div>\n\t\t\t\t<\/div>\n\t\t\t\t<\/div>\n\t\t\t\t<div class=\"elementor-element elementor-element-66d571dd elementor-arrows-position-inside elementor-widget elementor-widget-image-carousel\" data-id=\"66d571dd\" data-element_type=\"widget\" data-settings=\"{&quot;slides_to_show&quot;:&quot;3&quot;,&quot;slides_to_scroll&quot;:&quot;1&quot;,&quot;navigation&quot;:&quot;arrows&quot;,&quot;pause_on_hover&quot;:&quot;no&quot;,&quot;pause_on_interaction&quot;:&quot;no&quot;,&quot;slides_to_show_mobile&quot;:&quot;1&quot;,&quot;autoplay&quot;:&quot;yes&quot;,&quot;autoplay_speed&quot;:5000,&quot;infinite&quot;:&quot;yes&quot;,&quot;speed&quot;:500,&quot;image_spacing_custom&quot;:{&quot;unit&quot;:&quot;px&quot;,&quot;size&quot;:20,&quot;sizes&quot;:[]},&quot;image_spacing_custom_tablet&quot;:{&quot;unit&quot;:&quot;px&quot;,&quot;size&quot;:&quot;&quot;,&quot;sizes&quot;:[]}}\" data-widget_type=\"image-carousel.default\">\n\t\t\t\t<div class=\"elementor-widget-container\">\n\t\t\t<style>\/*! elementor - v3.23.0 - 05-08-2024 *\/\n.elementor-widget-image-carousel .swiper,.elementor-widget-image-carousel .swiper-container{position:static}.elementor-widget-image-carousel .swiper-container .swiper-slide figure,.elementor-widget-image-carousel .swiper .swiper-slide figure{line-height:inherit}.elementor-widget-image-carousel .swiper-slide{text-align:center}.elementor-image-carousel-wrapper:not(.swiper-container-initialized):not(.swiper-initialized) .swiper-slide{max-width:calc(100% \/ var(--e-image-carousel-slides-to-show, 3))}<\/style>\t\t<div class=\"elementor-image-carousel-wrapper swiper\" dir=\"ltr\">\n\t\t\t<div class=\"elementor-image-carousel swiper-wrapper swiper-image-stretch\" aria-live=\"off\">\n\t\t\t\t\t\t\t\t<div class=\"swiper-slide\" role=\"group\" aria-roledescription=\"slide\" aria-label=\"1 de 3\"><figure class=\"swiper-slide-inner\"><img decoding=\"async\" class=\"swiper-slide-image\" src=\"https:\/\/emporiumgestin.com\/wp-content\/uploads\/elementor\/thumbs\/monserrat3-scaled-q1jobwacbkfc6lkga2jqbp9cg9ggfzflnhpb72snew.jpeg\" alt=\"monserrat3\" \/><\/figure><\/div><div class=\"swiper-slide\" role=\"group\" aria-roledescription=\"slide\" aria-label=\"2 de 3\"><figure class=\"swiper-slide-inner\"><img decoding=\"async\" class=\"swiper-slide-image\" src=\"https:\/\/emporiumgestin.com\/wp-content\/uploads\/elementor\/thumbs\/monserrat5-scaled-q1jof12z3opqvt0lzfaymwsnqi0i3nve2zzksa5eo8.jpeg\" alt=\"monserrat5\" \/><\/figure><\/div><div class=\"swiper-slide\" role=\"group\" aria-roledescription=\"slide\" aria-label=\"3 de 3\"><figure class=\"swiper-slide-inner\"><img decoding=\"async\" class=\"swiper-slide-image\" src=\"https:\/\/emporiumgestin.com\/wp-content\/uploads\/elementor\/thumbs\/monserrat6-2-scaled-e1675301055719-q1joayg5hj50kmxlrnx5txsr2e38qvp9iu7tx46tmw.jpeg\" alt=\"monserrat6\" \/><\/figure><\/div>\t\t\t<\/div>\n\t\t\t\t\t\t\t\t\t\t\t\t<div class=\"elementor-swiper-button elementor-swiper-button-prev\" role=\"button\" tabindex=\"0\">\n\t\t\t\t\t\t<i aria-hidden=\"true\" class=\"eicon-chevron-left\"><\/i>\t\t\t\t\t<\/div>\n\t\t\t\t\t<div class=\"elementor-swiper-button elementor-swiper-button-next\" role=\"button\" tabindex=\"0\">\n\t\t\t\t\t\t<i aria-hidden=\"true\" class=\"eicon-chevron-right\"><\/i>\t\t\t\t\t<\/div>\n\t\t\t\t\n\t\t\t\t\t\t\t\t\t<\/div>\n\t\t\t\t<\/div>\n\t\t\t\t<\/div>\n\t\t\t\t\t<\/div>\n\t\t<\/div>\n\t\t\t\t\t<\/div>\n\t\t<\/section>\n\t\t\t\t<\/div>\n\t\t","protected":false},"excerpt":{"rendered":"<p>M\u00e1s de 1,500 m2 de complejo cerrado con garita de seguridad amplia \u00e1rea social. APARTAMENTOS de 1, 2 y 3 REC\/ ENTREGA INMEDIATA\/PREVENTA INGRESO FAMILIAR DESDE $1.500\u200b UBICACI\u00d3N PROYECTO PH Torres de Montserrat\u00a0cuenta con una excelente\u00a0ubicaci\u00f3n en el\u00a0Corregimiento de Pueblo\u00a0nuevo, con acceso por la 12\u00a0de octubre, V\u00eda Espa\u00f1a, Trans\u00edstmica, ubicado\u00a0diagonal al Instituto Comercial \u00a0Panam\u00e1, Cuenta con 3\u00a0Torres, de 21 pisos cada una\u00a0con 7 aptos por planta de 50\u00a0a 77m2. \u00a0 Adem\u00e1s tiene facilidad de accesos a supermercados, restaurantes, centro de salud, farmacias, escuelas, gimnasios, etc. CONSTRUCCI\u00d3N Los apartamentos de este proyecto fueron dise\u00f1ados para las personas que le gustan los<\/p>\n","protected":false},"author":1,"featured_media":0,"parent":0,"menu_order":0,"comment_status":"closed","ping_status":"closed","template":"","meta":{"om_disable_all_campaigns":false,"_mi_skip_tracking":false,"_monsterinsights_sitenote_active":false,"_monsterinsights_sitenote_note":"","_monsterinsights_sitenote_category":0,"_joinchat":[]},"aioseo_notices":[],"_links":{"self":[{"href":"https:\/\/emporiumgestin.com\/index.php\/wp-json\/wp\/v2\/pages\/545"}],"collection":[{"href":"https:\/\/emporiumgestin.com\/index.php\/wp-json\/wp\/v2\/pages"}],"about":[{"href":"https:\/\/emporiumgestin.com\/index.php\/wp-json\/wp\/v2\/types\/page"}],"author":[{"embeddable":true,"href":"https:\/\/emporiumgestin.com\/index.php\/wp-json\/wp\/v2\/users\/1"}],"replies":[{"embeddable":true,"href":"https:\/\/emporiumgestin.com\/index.php\/wp-json\/wp\/v2\/comments?post=545"}],"version-history":[{"count":13,"href":"https:\/\/emporiumgestin.com\/index.php\/wp-json\/wp\/v2\/pages\/545\/revisions"}],"predecessor-version":[{"id":656,"href":"https:\/\/emporiumgestin.com\/index.php\/wp-json\/wp\/v2\/pages\/545\/revisions\/656"}],"wp:attachment":[{"href":"https:\/\/emporiumgestin.com\/index.php\/wp-json\/wp\/v2\/media?parent=545"}],"curies":[{"name":"wp","href":"https:\/\/api.w.org\/{rel}","templated":true}]}}