{"id":576,"date":"2023-02-02T01:53:44","date_gmt":"2023-02-02T01:53:44","guid":{"rendered":"https:\/\/emporiumgestin.com\/?page_id=576"},"modified":"2023-02-03T02:09:42","modified_gmt":"2023-02-03T02:09:42","slug":"ciudad-de-las-americas","status":"publish","type":"page","link":"https:\/\/emporiumgestin.com\/index.php\/ciudad-de-las-americas\/","title":{"rendered":"CIUDAD DE LAS AM\u00c9RICAS"},"content":{"rendered":"\t\t<div data-elementor-type=\"wp-page\" data-elementor-id=\"576\" class=\"elementor elementor-576\">\n\t\t\t\t\t\t<section class=\"elementor-section elementor-top-section elementor-element elementor-element-287bcdb6 elementor-section-content-middle elementor-section-full_width elementor-section-height-default elementor-section-height-default\" data-id=\"287bcdb6\" data-element_type=\"section\" data-settings=\"{&quot;background_background&quot;:&quot;classic&quot;}\">\n\t\t\t\t\t\t<div class=\"elementor-container elementor-column-gap-no\">\n\t\t\t\t\t<div class=\"elementor-column elementor-col-50 elementor-top-column elementor-element elementor-element-583da183\" data-id=\"583da183\" data-element_type=\"column\">\n\t\t\t<div class=\"elementor-widget-wrap elementor-element-populated\">\n\t\t\t\t\t\t<div class=\"elementor-element elementor-element-ebe3de8 elementor-widget elementor-widget-image\" data-id=\"ebe3de8\" data-element_type=\"widget\" data-widget_type=\"image.default\">\n\t\t\t\t<div class=\"elementor-widget-container\">\n\t\t\t<style>\/*! elementor - v3.23.0 - 05-08-2024 *\/\n.elementor-widget-image{text-align:center}.elementor-widget-image a{display:inline-block}.elementor-widget-image a img[src$=\".svg\"]{width:48px}.elementor-widget-image img{vertical-align:middle;display:inline-block}<\/style>\t\t\t\t\t\t\t\t\t\t<img fetchpriority=\"high\" decoding=\"async\" width=\"1024\" height=\"464\" src=\"https:\/\/emporiumgestin.com\/wp-content\/uploads\/2023\/02\/logo-ciudad-de-las-americas-sin-fondo-1-1024x464.png\" class=\"elementor-animation-bounce-in attachment-large size-large wp-image-572\" alt=\"\" srcset=\"https:\/\/emporiumgestin.com\/wp-content\/uploads\/2023\/02\/logo-ciudad-de-las-americas-sin-fondo-1-1024x464.png 1024w, https:\/\/emporiumgestin.com\/wp-content\/uploads\/2023\/02\/logo-ciudad-de-las-americas-sin-fondo-1-300x136.png 300w, https:\/\/emporiumgestin.com\/wp-content\/uploads\/2023\/02\/logo-ciudad-de-las-americas-sin-fondo-1-768x348.png 768w, https:\/\/emporiumgestin.com\/wp-content\/uploads\/2023\/02\/logo-ciudad-de-las-americas-sin-fondo-1.png 1386w\" sizes=\"(max-width: 1024px) 100vw, 1024px\" \/>\t\t\t\t\t\t\t\t\t\t\t\t\t<\/div>\n\t\t\t\t<\/div>\n\t\t\t\t<div class=\"elementor-element elementor-element-64eebbc5 elementor-widget elementor-widget-heading\" data-id=\"64eebbc5\" data-element_type=\"widget\" data-widget_type=\"heading.default\">\n\t\t\t\t<div class=\"elementor-widget-container\">\n\t\t\t<style>\/*! elementor - v3.23.0 - 05-08-2024 *\/\n.elementor-heading-title{padding:0;margin:0;line-height:1}.elementor-widget-heading .elementor-heading-title[class*=elementor-size-]>a{color:inherit;font-size:inherit;line-height:inherit}.elementor-widget-heading .elementor-heading-title.elementor-size-small{font-size:15px}.elementor-widget-heading .elementor-heading-title.elementor-size-medium{font-size:19px}.elementor-widget-heading .elementor-heading-title.elementor-size-large{font-size:29px}.elementor-widget-heading .elementor-heading-title.elementor-size-xl{font-size:39px}.elementor-widget-heading .elementor-heading-title.elementor-size-xxl{font-size:59px}<\/style><h1 class=\"elementor-heading-title elementor-size-default\">Goce la experiencia en nuestro club social con toda la familia y si\u00e9ntase seguro\ndentro de nuestro complejo.<\/h1>\t\t<\/div>\n\t\t\t\t<\/div>\n\t\t\t\t<div class=\"elementor-element elementor-element-d439d5e elementor-widget elementor-widget-text-editor\" data-id=\"d439d5e\" data-element_type=\"widget\" data-widget_type=\"text-editor.default\">\n\t\t\t\t<div class=\"elementor-widget-container\">\n\t\t\t<style>\/*! elementor - v3.23.0 - 05-08-2024 *\/\n.elementor-widget-text-editor.elementor-drop-cap-view-stacked .elementor-drop-cap{background-color:#69727d;color:#fff}.elementor-widget-text-editor.elementor-drop-cap-view-framed .elementor-drop-cap{color:#69727d;border:3px solid;background-color:transparent}.elementor-widget-text-editor:not(.elementor-drop-cap-view-default) .elementor-drop-cap{margin-top:8px}.elementor-widget-text-editor:not(.elementor-drop-cap-view-default) .elementor-drop-cap-letter{width:1em;height:1em}.elementor-widget-text-editor .elementor-drop-cap{float:left;text-align:center;line-height:1;font-size:50px}.elementor-widget-text-editor .elementor-drop-cap-letter{display:inline-block}<\/style>\t\t\t\t<p>Seguridad 24 horas al d\u00eda, a 5 minutos de la estaci\u00f3n del Metro.<\/p>\t\t\t\t\t\t<\/div>\n\t\t\t\t<\/div>\n\t\t\t\t\t<\/div>\n\t\t<\/div>\n\t\t\t\t<div class=\"elementor-column elementor-col-50 elementor-top-column elementor-element elementor-element-30bb1de3\" data-id=\"30bb1de3\" data-element_type=\"column\">\n\t\t\t<div class=\"elementor-widget-wrap elementor-element-populated\">\n\t\t\t\t\t\t<div class=\"elementor-element elementor-element-4627c136 elementor-widget elementor-widget-image\" data-id=\"4627c136\" data-element_type=\"widget\" data-widget_type=\"image.default\">\n\t\t\t\t<div class=\"elementor-widget-container\">\n\t\t\t\t\t\t\t\t\t\t\t\t\t<img decoding=\"async\" width=\"1024\" height=\"577\" src=\"https:\/\/emporiumgestin.com\/wp-content\/uploads\/2023\/02\/01-1-1024x577.jpeg\" class=\"elementor-animation-grow attachment-large size-large wp-image-578\" alt=\"\" srcset=\"https:\/\/emporiumgestin.com\/wp-content\/uploads\/2023\/02\/01-1-1024x577.jpeg 1024w, https:\/\/emporiumgestin.com\/wp-content\/uploads\/2023\/02\/01-1-300x169.jpeg 300w, https:\/\/emporiumgestin.com\/wp-content\/uploads\/2023\/02\/01-1-768x432.jpeg 768w, https:\/\/emporiumgestin.com\/wp-content\/uploads\/2023\/02\/01-1.jpeg 1030w\" sizes=\"(max-width: 1024px) 100vw, 1024px\" \/>\t\t\t\t\t\t\t\t\t\t\t\t\t<\/div>\n\t\t\t\t<\/div>\n\t\t\t\t<div class=\"elementor-element elementor-element-276a4099 elementor-widget elementor-widget-spacer\" data-id=\"276a4099\" data-element_type=\"widget\" data-widget_type=\"spacer.default\">\n\t\t\t\t<div class=\"elementor-widget-container\">\n\t\t\t<style>\/*! elementor - v3.23.0 - 05-08-2024 *\/\n.elementor-column .elementor-spacer-inner{height:var(--spacer-size)}.e-con{--container-widget-width:100%}.e-con-inner>.elementor-widget-spacer,.e-con>.elementor-widget-spacer{width:var(--container-widget-width,var(--spacer-size));--align-self:var(--container-widget-align-self,initial);--flex-shrink:0}.e-con-inner>.elementor-widget-spacer>.elementor-widget-container,.e-con>.elementor-widget-spacer>.elementor-widget-container{height:100%;width:100%}.e-con-inner>.elementor-widget-spacer>.elementor-widget-container>.elementor-spacer,.e-con>.elementor-widget-spacer>.elementor-widget-container>.elementor-spacer{height:100%}.e-con-inner>.elementor-widget-spacer>.elementor-widget-container>.elementor-spacer>.elementor-spacer-inner,.e-con>.elementor-widget-spacer>.elementor-widget-container>.elementor-spacer>.elementor-spacer-inner{height:var(--container-widget-height,var(--spacer-size))}.e-con-inner>.elementor-widget-spacer.elementor-widget-empty,.e-con>.elementor-widget-spacer.elementor-widget-empty{position:relative;min-height:22px;min-width:22px}.e-con-inner>.elementor-widget-spacer.elementor-widget-empty .elementor-widget-empty-icon,.e-con>.elementor-widget-spacer.elementor-widget-empty .elementor-widget-empty-icon{position:absolute;top:0;bottom:0;left:0;right:0;margin:auto;padding:0;width:22px;height:22px}<\/style>\t\t<div class=\"elementor-spacer\">\n\t\t\t<div class=\"elementor-spacer-inner\"><\/div>\n\t\t<\/div>\n\t\t\t\t<\/div>\n\t\t\t\t<\/div>\n\t\t\t\t\t<\/div>\n\t\t<\/div>\n\t\t\t\t\t<\/div>\n\t\t<\/section>\n\t\t\t\t<section class=\"elementor-section elementor-top-section elementor-element elementor-element-550ce6bd elementor-section-content-middle elementor-section-full_width elementor-section-height-default elementor-section-height-default\" data-id=\"550ce6bd\" data-element_type=\"section\" data-settings=\"{&quot;background_background&quot;:&quot;classic&quot;}\">\n\t\t\t\t\t\t<div class=\"elementor-container elementor-column-gap-no\">\n\t\t\t\t\t<div class=\"elementor-column elementor-col-50 elementor-top-column elementor-element elementor-element-1d3c7761\" data-id=\"1d3c7761\" data-element_type=\"column\">\n\t\t\t<div class=\"elementor-widget-wrap elementor-element-populated\">\n\t\t\t\t\t\t<div class=\"elementor-element elementor-element-347383c4 elementor-widget elementor-widget-heading\" data-id=\"347383c4\" data-element_type=\"widget\" data-widget_type=\"heading.default\">\n\t\t\t\t<div class=\"elementor-widget-container\">\n\t\t\t<h2 class=\"elementor-heading-title elementor-size-default\">PROYECTO<\/h2>\t\t<\/div>\n\t\t\t\t<\/div>\n\t\t\t\t<div class=\"elementor-element elementor-element-4b0e9f40 elementor-widget elementor-widget-text-editor\" data-id=\"4b0e9f40\" data-element_type=\"widget\" data-widget_type=\"text-editor.default\">\n\t\t\t\t<div class=\"elementor-widget-container\">\n\t\t\t\t\t\t\t<p>Es un Proyecto Inmobiliario que basa su idea de crear una ciudad que este a la vanguardia en medio de la naturaleza. Cumpliendo con todas las expectativas y necesidades de sus clientes, generando una inigualable calidad de vida.<br \/>Para nosotros revisar cada detalle es importante, puesto que se pretende otorgar comodidad a las diferentes familias que componen este maravilloso Proyecto.<\/p>\t\t\t\t\t\t<\/div>\n\t\t\t\t<\/div>\n\t\t\t\t\t<\/div>\n\t\t<\/div>\n\t\t\t\t<div class=\"elementor-column elementor-col-50 elementor-top-column elementor-element elementor-element-594a566a\" data-id=\"594a566a\" data-element_type=\"column\">\n\t\t\t<div class=\"elementor-widget-wrap elementor-element-populated\">\n\t\t\t\t\t\t<div class=\"elementor-element elementor-element-76d37fd0 elementor-widget elementor-widget-image\" data-id=\"76d37fd0\" data-element_type=\"widget\" data-widget_type=\"image.default\">\n\t\t\t\t<div class=\"elementor-widget-container\">\n\t\t\t\t\t\t\t\t\t\t\t\t\t<img decoding=\"async\" width=\"1024\" height=\"575\" src=\"https:\/\/emporiumgestin.com\/wp-content\/uploads\/2023\/02\/masonry-03-1.jpeg\" class=\"attachment-large size-large wp-image-583\" alt=\"\" srcset=\"https:\/\/emporiumgestin.com\/wp-content\/uploads\/2023\/02\/masonry-03-1.jpeg 1024w, https:\/\/emporiumgestin.com\/wp-content\/uploads\/2023\/02\/masonry-03-1-300x168.jpeg 300w, https:\/\/emporiumgestin.com\/wp-content\/uploads\/2023\/02\/masonry-03-1-768x431.jpeg 768w\" sizes=\"(max-width: 1024px) 100vw, 1024px\" \/>\t\t\t\t\t\t\t\t\t\t\t\t\t<\/div>\n\t\t\t\t<\/div>\n\t\t\t\t\t<\/div>\n\t\t<\/div>\n\t\t\t\t\t<\/div>\n\t\t<\/section>\n\t\t\t\t<section class=\"elementor-section elementor-top-section elementor-element elementor-element-57208e66 elementor-section-content-middle elementor-section-full_width elementor-reverse-mobile elementor-section-height-default elementor-section-height-default\" data-id=\"57208e66\" data-element_type=\"section\" data-settings=\"{&quot;background_background&quot;:&quot;classic&quot;}\">\n\t\t\t\t\t\t<div class=\"elementor-container elementor-column-gap-no\">\n\t\t\t\t\t<div class=\"elementor-column elementor-col-50 elementor-top-column elementor-element elementor-element-101373b0\" data-id=\"101373b0\" data-element_type=\"column\">\n\t\t\t<div class=\"elementor-widget-wrap elementor-element-populated\">\n\t\t\t\t\t\t<div class=\"elementor-element elementor-element-6970dbe6 elementor-widget elementor-widget-image\" data-id=\"6970dbe6\" data-element_type=\"widget\" data-widget_type=\"image.default\">\n\t\t\t\t<div class=\"elementor-widget-container\">\n\t\t\t\t\t\t\t\t\t\t\t\t\t<img loading=\"lazy\" decoding=\"async\" width=\"1024\" height=\"576\" src=\"https:\/\/emporiumgestin.com\/wp-content\/uploads\/2023\/02\/clubsocial-gallery_02-1-1024x576.jpeg\" class=\"attachment-large size-large wp-image-579\" alt=\"\" srcset=\"https:\/\/emporiumgestin.com\/wp-content\/uploads\/2023\/02\/clubsocial-gallery_02-1-1024x576.jpeg 1024w, https:\/\/emporiumgestin.com\/wp-content\/uploads\/2023\/02\/clubsocial-gallery_02-1-300x169.jpeg 300w, https:\/\/emporiumgestin.com\/wp-content\/uploads\/2023\/02\/clubsocial-gallery_02-1-768x432.jpeg 768w, https:\/\/emporiumgestin.com\/wp-content\/uploads\/2023\/02\/clubsocial-gallery_02-1.jpeg 1030w\" sizes=\"(max-width: 1024px) 100vw, 1024px\" \/>\t\t\t\t\t\t\t\t\t\t\t\t\t<\/div>\n\t\t\t\t<\/div>\n\t\t\t\t\t<\/div>\n\t\t<\/div>\n\t\t\t\t<div class=\"elementor-column elementor-col-50 elementor-top-column elementor-element elementor-element-44eeddd4\" data-id=\"44eeddd4\" data-element_type=\"column\">\n\t\t\t<div class=\"elementor-widget-wrap elementor-element-populated\">\n\t\t\t\t\t\t<div class=\"elementor-element elementor-element-4d701458 elementor-widget elementor-widget-heading\" data-id=\"4d701458\" data-element_type=\"widget\" data-widget_type=\"heading.default\">\n\t\t\t\t<div class=\"elementor-widget-container\">\n\t\t\t<h2 class=\"elementor-heading-title elementor-size-default\">UBICACI\u00d3N<\/h2>\t\t<\/div>\n\t\t\t\t<\/div>\n\t\t\t\t<div class=\"elementor-element elementor-element-43d0b54d elementor-widget elementor-widget-text-editor\" data-id=\"43d0b54d\" data-element_type=\"widget\" data-widget_type=\"text-editor.default\">\n\t\t\t\t<div class=\"elementor-widget-container\">\n\t\t\t\t\t\t\t<p>Este proyecto se encuentra ubicado en el \u00e1rea de Panam\u00e1 Este, sobre la Carretera Panamericana al frente de IIASA CATERPILLAR y El Parque Industrial de las Am\u00e9ricas.<br \/>Con acceso directo al Club Social para trasformar el tiempo libre en tiempo de esparcimiento y descanso.<br \/>El Proyecto como PH cuenta con una Garita de seguridad para la protecci\u00f3n y cuidado de sus residentes.<\/p>\t\t\t\t\t\t<\/div>\n\t\t\t\t<\/div>\n\t\t\t\t\t<\/div>\n\t\t<\/div>\n\t\t\t\t\t<\/div>\n\t\t<\/section>\n\t\t\t\t<section class=\"elementor-section elementor-top-section elementor-element elementor-element-1223463a elementor-section-content-middle elementor-section-full_width elementor-section-height-default elementor-section-height-default\" data-id=\"1223463a\" data-element_type=\"section\" data-settings=\"{&quot;background_background&quot;:&quot;classic&quot;}\">\n\t\t\t\t\t\t<div class=\"elementor-container elementor-column-gap-no\">\n\t\t\t\t\t<div class=\"elementor-column elementor-col-50 elementor-top-column elementor-element elementor-element-54a6bb7c\" data-id=\"54a6bb7c\" data-element_type=\"column\">\n\t\t\t<div class=\"elementor-widget-wrap elementor-element-populated\">\n\t\t\t\t\t\t<div class=\"elementor-element elementor-element-369b1a4f elementor-widget elementor-widget-heading\" data-id=\"369b1a4f\" data-element_type=\"widget\" data-widget_type=\"heading.default\">\n\t\t\t\t<div class=\"elementor-widget-container\">\n\t\t\t<h2 class=\"elementor-heading-title elementor-size-default\">AMENIDADES Y CALIDAD<\/h2>\t\t<\/div>\n\t\t\t\t<\/div>\n\t\t\t\t<div class=\"elementor-element elementor-element-1215730e elementor-widget elementor-widget-text-editor\" data-id=\"1215730e\" data-element_type=\"widget\" data-widget_type=\"text-editor.default\">\n\t\t\t\t<div class=\"elementor-widget-container\">\n\t\t\t\t\t\t\t<p>Trata de un \u00e1rea totalmente cerrada que proporciona mayor sensaci\u00f3n de tranquilidad, lo que permite el m\u00e1ximo disfrute de nuestros ambientes familiares, senderos, \u00e1reas sociales, parques infantiles y piscina.<\/p><p>\u00a0<\/p><div class=\"col-lg-4 col-md-6 col-sm-12 service-block\"><div class=\"service-block-one wow fadeInUp animated animated\" data-wow-delay=\"00ms\" data-wow-duration=\"1500ms\"><div class=\"inner-box\"><p>\u2022\u00c1rea de BBQ<\/p><p>\u2022Estacionamientos de visita<\/p><\/div><\/div><\/div><div class=\"service-block-one wow fadeInUp animated animated\" data-wow-delay=\"00ms\" data-wow-duration=\"1500ms\"><div class=\"inner-box\">\u2022Sal\u00f3n de fiestas<\/div><\/div><div class=\"service-block-one wow fadeInUp animated animated\" data-wow-delay=\"00ms\" data-wow-duration=\"1500ms\"><div class=\"inner-box\"><p>\u2022Gimnasio<\/p><\/div><\/div><div class=\"service-block-one wow fadeInUp animated animated\" data-wow-delay=\"00ms\" data-wow-duration=\"1500ms\"><div class=\"inner-box\"><p>\u2022Piscina<\/p><\/div><\/div><div class=\"service-block-one wow fadeInUp animated animated\" data-wow-delay=\"00ms\" data-wow-duration=\"1500ms\"><div class=\"inner-box\"><p>\u2022Parques<\/p><\/div><\/div><div class=\"col-lg-4 col-md-6 col-sm-12 service-block\"><div class=\"service-block-one wow fadeInUp animated animated\" data-wow-delay=\"00ms\" data-wow-duration=\"1500ms\"><div class=\"inner-box\"><p>\u2022Garita de seguridad 24\/7<\/p><\/div><\/div><\/div>\t\t\t\t\t\t<\/div>\n\t\t\t\t<\/div>\n\t\t\t\t\t<\/div>\n\t\t<\/div>\n\t\t\t\t<div class=\"elementor-column elementor-col-50 elementor-top-column elementor-element elementor-element-2a0dc451\" data-id=\"2a0dc451\" data-element_type=\"column\">\n\t\t\t<div class=\"elementor-widget-wrap elementor-element-populated\">\n\t\t\t\t\t\t<div class=\"elementor-element elementor-element-2b74a313 elementor-widget elementor-widget-image\" data-id=\"2b74a313\" data-element_type=\"widget\" data-widget_type=\"image.default\">\n\t\t\t\t<div class=\"elementor-widget-container\">\n\t\t\t\t\t\t\t\t\t\t\t\t\t<img loading=\"lazy\" decoding=\"async\" width=\"1024\" height=\"576\" src=\"https:\/\/emporiumgestin.com\/wp-content\/uploads\/2023\/02\/clubsocial-gallery_06-1024x576.jpeg\" class=\"attachment-large size-large wp-image-581\" alt=\"\" srcset=\"https:\/\/emporiumgestin.com\/wp-content\/uploads\/2023\/02\/clubsocial-gallery_06-1024x576.jpeg 1024w, https:\/\/emporiumgestin.com\/wp-content\/uploads\/2023\/02\/clubsocial-gallery_06-300x169.jpeg 300w, https:\/\/emporiumgestin.com\/wp-content\/uploads\/2023\/02\/clubsocial-gallery_06-768x432.jpeg 768w, https:\/\/emporiumgestin.com\/wp-content\/uploads\/2023\/02\/clubsocial-gallery_06.jpeg 1030w\" sizes=\"(max-width: 1024px) 100vw, 1024px\" \/>\t\t\t\t\t\t\t\t\t\t\t\t\t<\/div>\n\t\t\t\t<\/div>\n\t\t\t\t\t<\/div>\n\t\t<\/div>\n\t\t\t\t\t<\/div>\n\t\t<\/section>\n\t\t\t\t<section class=\"elementor-section elementor-top-section elementor-element elementor-element-5625a277 elementor-section-boxed elementor-section-height-default elementor-section-height-default\" data-id=\"5625a277\" data-element_type=\"section\">\n\t\t\t\t\t\t<div class=\"elementor-container elementor-column-gap-default\">\n\t\t\t\t\t<div class=\"elementor-column elementor-col-100 elementor-top-column elementor-element elementor-element-6c6a778b\" data-id=\"6c6a778b\" data-element_type=\"column\">\n\t\t\t<div class=\"elementor-widget-wrap elementor-element-populated\">\n\t\t\t\t\t\t<div class=\"elementor-element elementor-element-5bafb6a6 elementor-widget elementor-widget-spacer\" data-id=\"5bafb6a6\" data-element_type=\"widget\" data-widget_type=\"spacer.default\">\n\t\t\t\t<div class=\"elementor-widget-container\">\n\t\t\t\t\t<div class=\"elementor-spacer\">\n\t\t\t<div class=\"elementor-spacer-inner\"><\/div>\n\t\t<\/div>\n\t\t\t\t<\/div>\n\t\t\t\t<\/div>\n\t\t\t\t\t<\/div>\n\t\t<\/div>\n\t\t\t\t\t<\/div>\n\t\t<\/section>\n\t\t\t\t<section class=\"elementor-section elementor-top-section elementor-element elementor-element-472a065b elementor-section-full_width elementor-section-height-min-height elementor-section-items-stretch elementor-section-height-default\" data-id=\"472a065b\" data-element_type=\"section\">\n\t\t\t\t\t\t<div class=\"elementor-container elementor-column-gap-default\">\n\t\t\t\t\t<div class=\"elementor-column elementor-col-100 elementor-top-column elementor-element elementor-element-2b49e004\" data-id=\"2b49e004\" data-element_type=\"column\">\n\t\t\t<div class=\"elementor-widget-wrap elementor-element-populated\">\n\t\t\t\t\t\t<div class=\"elementor-element elementor-element-24417edc elementor-widget__width-initial elementor-invisible elementor-widget elementor-widget-heading\" data-id=\"24417edc\" data-element_type=\"widget\" data-settings=\"{&quot;_animation&quot;:&quot;bounceInLeft&quot;}\" data-widget_type=\"heading.default\">\n\t\t\t\t<div class=\"elementor-widget-container\">\n\t\t\t<h1 class=\"elementor-heading-title elementor-size-medium\">CONOCE M\u00c1S\nSOBRE ESTE\nPROYECTO<\/h1>\t\t<\/div>\n\t\t\t\t<\/div>\n\t\t\t\t<div class=\"elementor-element elementor-element-4c09a3e4 elementor-widget elementor-widget-spacer\" data-id=\"4c09a3e4\" data-element_type=\"widget\" data-widget_type=\"spacer.default\">\n\t\t\t\t<div class=\"elementor-widget-container\">\n\t\t\t\t\t<div class=\"elementor-spacer\">\n\t\t\t<div class=\"elementor-spacer-inner\"><\/div>\n\t\t<\/div>\n\t\t\t\t<\/div>\n\t\t\t\t<\/div>\n\t\t\t\t<div class=\"elementor-element elementor-element-56e5edc0 elementor-arrows-position-inside elementor-widget elementor-widget-image-carousel\" data-id=\"56e5edc0\" data-element_type=\"widget\" data-settings=\"{&quot;slides_to_show&quot;:&quot;3&quot;,&quot;slides_to_scroll&quot;:&quot;1&quot;,&quot;navigation&quot;:&quot;arrows&quot;,&quot;pause_on_hover&quot;:&quot;no&quot;,&quot;pause_on_interaction&quot;:&quot;no&quot;,&quot;slides_to_show_mobile&quot;:&quot;1&quot;,&quot;autoplay&quot;:&quot;yes&quot;,&quot;autoplay_speed&quot;:5000,&quot;infinite&quot;:&quot;yes&quot;,&quot;speed&quot;:500,&quot;image_spacing_custom&quot;:{&quot;unit&quot;:&quot;px&quot;,&quot;size&quot;:20,&quot;sizes&quot;:[]},&quot;image_spacing_custom_tablet&quot;:{&quot;unit&quot;:&quot;px&quot;,&quot;size&quot;:&quot;&quot;,&quot;sizes&quot;:[]}}\" data-widget_type=\"image-carousel.default\">\n\t\t\t\t<div class=\"elementor-widget-container\">\n\t\t\t<style>\/*! elementor - v3.23.0 - 05-08-2024 *\/\n.elementor-widget-image-carousel .swiper,.elementor-widget-image-carousel .swiper-container{position:static}.elementor-widget-image-carousel .swiper-container .swiper-slide figure,.elementor-widget-image-carousel .swiper .swiper-slide figure{line-height:inherit}.elementor-widget-image-carousel .swiper-slide{text-align:center}.elementor-image-carousel-wrapper:not(.swiper-container-initialized):not(.swiper-initialized) .swiper-slide{max-width:calc(100% \/ var(--e-image-carousel-slides-to-show, 3))}<\/style>\t\t<div class=\"elementor-image-carousel-wrapper swiper\" dir=\"ltr\">\n\t\t\t<div class=\"elementor-image-carousel swiper-wrapper swiper-image-stretch\" aria-live=\"off\">\n\t\t\t\t\t\t\t\t<div class=\"swiper-slide\" role=\"group\" aria-roledescription=\"slide\" aria-label=\"1 de 7\"><figure class=\"swiper-slide-inner\"><img decoding=\"async\" class=\"swiper-slide-image\" src=\"https:\/\/emporiumgestin.com\/wp-content\/uploads\/elementor\/thumbs\/01-1-q1jpn1uv6czr2yex9j0exwptnzhjv8m0qde1xremb4.jpeg\" alt=\"01-1\" \/><\/figure><\/div><div class=\"swiper-slide\" role=\"group\" aria-roledescription=\"slide\" aria-label=\"2 de 7\"><figure class=\"swiper-slide-inner\"><img decoding=\"async\" class=\"swiper-slide-image\" src=\"https:\/\/emporiumgestin.com\/wp-content\/uploads\/elementor\/thumbs\/clubsocial-gallery_02-1-q1jpn3qjk12bq6c6yjto2w8qur8aamthemp0wbbtyo.jpeg\" alt=\"clubsocial\" \/><\/figure><\/div><div class=\"swiper-slide\" role=\"group\" aria-roledescription=\"slide\" aria-label=\"3 de 7\"><figure class=\"swiper-slide-inner\"><img decoding=\"async\" class=\"swiper-slide-image\" src=\"https:\/\/emporiumgestin.com\/wp-content\/uploads\/elementor\/thumbs\/clubsocial-gallery_04-q1jpn5m7xp4wde9gnkmx7vro1iz0q10y2vzzuv91m8.jpeg\" alt=\"clubsocial-gallery_04\" \/><\/figure><\/div><div class=\"swiper-slide\" role=\"group\" aria-roledescription=\"slide\" aria-label=\"4 de 7\"><figure class=\"swiper-slide-inner\"><img decoding=\"async\" class=\"swiper-slide-image\" src=\"https:\/\/emporiumgestin.com\/wp-content\/uploads\/elementor\/thumbs\/clubsocial-gallery_06-q1jpn7hwbd7h0m6qclg6cval8apr5f8er5aytf699s.jpeg\" alt=\"clubsocial-gallery_06\" \/><\/figure><\/div><div class=\"swiper-slide\" role=\"group\" aria-roledescription=\"slide\" aria-label=\"5 de 7\"><figure class=\"swiper-slide-inner\"><img decoding=\"async\" class=\"swiper-slide-image\" src=\"https:\/\/emporiumgestin.com\/wp-content\/uploads\/elementor\/thumbs\/masonry-01-q1jpn8fqi78rc85d73usxd21tol4d4c539ygap4v3k.jpeg\" alt=\"masonry-01\" \/><\/figure><\/div><div class=\"swiper-slide\" role=\"group\" aria-roledescription=\"slide\" aria-label=\"6 de 7\"><figure class=\"swiper-slide-inner\"><img decoding=\"async\" class=\"swiper-slide-image\" src=\"https:\/\/emporiumgestin.com\/wp-content\/uploads\/elementor\/thumbs\/masonry-03-1-q1jpnabevvbbzg2mw4o22ckz0gbusijlrj9f9922r4.jpeg\" alt=\"masonry-03-1\" \/><\/figure><\/div><div class=\"swiper-slide\" role=\"group\" aria-roledescription=\"slide\" aria-label=\"7 de 7\"><figure class=\"swiper-slide-inner\"><img decoding=\"async\" class=\"swiper-slide-image\" src=\"https:\/\/emporiumgestin.com\/wp-content\/uploads\/elementor\/thumbs\/masonry-04-q1jpnabevvbbzg2mw4o22ckz0gbusijlrj9f9922r4.jpeg\" alt=\"masonry-04\" \/><\/figure><\/div>\t\t\t<\/div>\n\t\t\t\t\t\t\t\t\t\t\t\t<div class=\"elementor-swiper-button elementor-swiper-button-prev\" role=\"button\" tabindex=\"0\">\n\t\t\t\t\t\t<i aria-hidden=\"true\" class=\"eicon-chevron-left\"><\/i>\t\t\t\t\t<\/div>\n\t\t\t\t\t<div class=\"elementor-swiper-button elementor-swiper-button-next\" role=\"button\" tabindex=\"0\">\n\t\t\t\t\t\t<i aria-hidden=\"true\" class=\"eicon-chevron-right\"><\/i>\t\t\t\t\t<\/div>\n\t\t\t\t\n\t\t\t\t\t\t\t\t\t<\/div>\n\t\t\t\t<\/div>\n\t\t\t\t<\/div>\n\t\t\t\t\t<\/div>\n\t\t<\/div>\n\t\t\t\t\t<\/div>\n\t\t<\/section>\n\t\t\t\t<\/div>\n\t\t","protected":false},"excerpt":{"rendered":"<p>Goce la experiencia en nuestro club social con toda la familia y si\u00e9ntase seguro dentro de nuestro complejo. Seguridad 24 horas al d\u00eda, a 5 minutos de la estaci\u00f3n del Metro. PROYECTO Es un Proyecto Inmobiliario que basa su idea de crear una ciudad que este a la vanguardia en medio de la naturaleza. Cumpliendo con todas las expectativas y necesidades de sus clientes, generando una inigualable calidad de vida.Para nosotros revisar cada detalle es importante, puesto que se pretende otorgar comodidad a las diferentes familias que componen este maravilloso Proyecto. UBICACI\u00d3N Este proyecto se encuentra ubicado en el \u00e1rea<\/p>\n","protected":false},"author":1,"featured_media":0,"parent":0,"menu_order":0,"comment_status":"closed","ping_status":"closed","template":"","meta":{"om_disable_all_campaigns":false,"_mi_skip_tracking":false,"_monsterinsights_sitenote_active":false,"_monsterinsights_sitenote_note":"","_monsterinsights_sitenote_category":0,"_joinchat":[]},"aioseo_notices":[],"_links":{"self":[{"href":"https:\/\/emporiumgestin.com\/index.php\/wp-json\/wp\/v2\/pages\/576"}],"collection":[{"href":"https:\/\/emporiumgestin.com\/index.php\/wp-json\/wp\/v2\/pages"}],"about":[{"href":"https:\/\/emporiumgestin.com\/index.php\/wp-json\/wp\/v2\/types\/page"}],"author":[{"embeddable":true,"href":"https:\/\/emporiumgestin.com\/index.php\/wp-json\/wp\/v2\/users\/1"}],"replies":[{"embeddable":true,"href":"https:\/\/emporiumgestin.com\/index.php\/wp-json\/wp\/v2\/comments?post=576"}],"version-history":[{"count":7,"href":"https:\/\/emporiumgestin.com\/index.php\/wp-json\/wp\/v2\/pages\/576\/revisions"}],"predecessor-version":[{"id":653,"href":"https:\/\/emporiumgestin.com\/index.php\/wp-json\/wp\/v2\/pages\/576\/revisions\/653"}],"wp:attachment":[{"href":"https:\/\/emporiumgestin.com\/index.php\/wp-json\/wp\/v2\/media?parent=576"}],"curies":[{"name":"wp","href":"https:\/\/api.w.org\/{rel}","templated":true}]}}